{"id":681,"date":"2018-08-16T14:06:13","date_gmt":"2018-08-16T14:06:13","guid":{"rendered":"http:\/\/192.168.1.3\/wp\/kordex\/?page_id=681"},"modified":"2025-10-09T12:00:39","modified_gmt":"2025-10-09T10:00:39","slug":"contact-us","status":"publish","type":"page","link":"http:\/\/guidogrohmann.de\/en\/contact-us\/","title":{"rendered":"Contact us"},"content":{"rendered":"<div data-elementor-type=\"wp-post\" data-elementor-id=\"681\" class=\"elementor elementor-681\">\n\t\t\t\t\t\t<section class=\"jarallax lazyload elementor-section elementor-top-section elementor-element elementor-element-53794fc elementor-section-boxed elementor-section-height-default elementor-section-height-default\" data-jarallax=\"\" data-speed=\"0.75\" data-type=\"scroll\" data-parallax=\"scroll\" style=\"background-image:url(&quot;https:\/\/imaginem.cloud\/blacksilver-classic\/wp-content\/uploads\/sites\/9\/2019\/03\/contact-us-background.jpg&quot;);\" data-image-src=\"https:\/\/imaginem.cloud\/blacksilver-classic\/wp-content\/uploads\/sites\/9\/2019\/03\/contact-us-background.jpg\" data-id=\"53794fc\" data-element_type=\"section\" data-settings=\"{&quot;background_background&quot;:&quot;classic&quot;}\">\n\t\t\t\t\t\t\t<div class=\"elementor-background-overlay\"><\/div>\n\t\t\t\t\t\t\t<div class=\"elementor-container elementor-column-gap-default\">\n\t\t\t\t\t<div class=\"elementor-column elementor-col-100 elementor-top-column elementor-element elementor-element-e5fc450\" data-id=\"e5fc450\" data-element_type=\"column\">\n\t\t\t<div class=\"elementor-widget-wrap elementor-element-populated\">\n\t\t\t\t\t\t<div class=\"elementor-element elementor-element-75fba78 section-align-center section-size-large subtitle-style-default elementor-widget elementor-widget-section-heading\" data-id=\"75fba78\" data-element_type=\"widget\" data-widget_type=\"section-heading.default\">\n\t\t\t\t<div class=\"elementor-widget-container\">\n\t\t\t\t\t<div class=\"section-heading headingstyle-subtitle\"><h5 class=\"entry-sub-title section-sub-title\">Need help?<\/h5><div class=\"section-title-wrapper\"><h2 class=\"entry-title section-title\">Contact Me<\/h2><\/div><div class=\"section-description clearfix\"><div class=\"section-description-inner\"><p>Neug\u00e4\u00dfchen 2<br \/>66111 Saarbr\u00fccken<br \/>Germany<\/p>\n<\/div><\/div><\/div>\t\t\t\t<\/div>\n\t\t\t\t<\/div>\n\t\t\t\t\t<\/div>\n\t\t<\/div>\n\t\t\t\t\t<\/div>\n\t\t<\/section>\n\t\t\t\t<section class=\"elementor-section elementor-top-section elementor-element elementor-element-07dabc4 elementor-section-boxed elementor-section-height-default elementor-section-height-default\" data-id=\"07dabc4\" data-element_type=\"section\">\n\t\t\t\t\t\t<div class=\"elementor-container elementor-column-gap-wider\">\n\t\t\t\t\t<div class=\"elementor-column elementor-col-100 elementor-top-column elementor-element elementor-element-31ca648\" data-id=\"31ca648\" data-element_type=\"column\">\n\t\t\t<div class=\"elementor-widget-wrap elementor-element-populated\">\n\t\t\t\t\t\t<div class=\"elementor-element elementor-element-246dda7 input-border-style-curved input-icons-default elementor-widget elementor-widget-contactform\" data-id=\"246dda7\" data-element_type=\"widget\" data-widget_type=\"contactform.default\">\n\t\t\t\t<div class=\"elementor-widget-container\">\n\t\t\t\t\t\t\t<div class=\"mtheme-contact-form-container\">\n\t\t\t\n<div class=\"wpcf7 no-js\" id=\"wpcf7-f1844-o1\" lang=\"en-US\" dir=\"ltr\" data-wpcf7-id=\"1844\">\n<div class=\"screen-reader-response\"><p role=\"status\" aria-live=\"polite\" aria-atomic=\"true\"><\/p> <ul><\/ul><\/div>\n<form action=\"\/en\/wp-json\/wp\/v2\/pages\/681#wpcf7-f1844-o1\" method=\"post\" class=\"wpcf7-form init\" aria-label=\"Contact form\" novalidate=\"novalidate\" data-status=\"init\" data-trp-original-action=\"\/en\/wp-json\/wp\/v2\/pages\/681#wpcf7-f1844-o1\">\n<fieldset class=\"hidden-fields-container\"><input type=\"hidden\" name=\"_wpcf7\" value=\"1844\" \/><input type=\"hidden\" name=\"_wpcf7_version\" value=\"6.1.3\" \/><input type=\"hidden\" name=\"_wpcf7_locale\" value=\"en_US\" \/><input type=\"hidden\" name=\"_wpcf7_unit_tag\" value=\"wpcf7-f1844-o1\" \/><input type=\"hidden\" name=\"_wpcf7_container_post\" value=\"0\" \/><input type=\"hidden\" name=\"_wpcf7_posted_data_hash\" value=\"\" \/>\n<\/fieldset>\n<div class=\"two-fields clearfix\">\n\t<div class=\"mtheme-form-field\">\n\t\t<p><i class=\"ion-ios-contact-outline\"><\/i><span class=\"wpcf7-form-control-wrap\" data-name=\"first-name\"><input size=\"40\" maxlength=\"400\" class=\"wpcf7-form-control wpcf7-text wpcf7-validates-as-required\" aria-required=\"true\" aria-invalid=\"false\" placeholder=\"First Name (required)\" value=\"\" type=\"text\" name=\"first-name\" \/><\/span>\n\t\t<\/p>\n\t<\/div>\n\t<div class=\"mtheme-form-field\">\n\t\t<p><i class=\"ion-ios-contact-outline\"><\/i><span class=\"wpcf7-form-control-wrap\" data-name=\"last-name\"><input size=\"40\" maxlength=\"400\" class=\"wpcf7-form-control wpcf7-text wpcf7-validates-as-required\" aria-required=\"true\" aria-invalid=\"false\" placeholder=\"Last Name (required)\" value=\"\" type=\"text\" name=\"last-name\" \/><\/span>\n\t\t<\/p>\n\t<\/div>\n<\/div>\n<div class=\"two-fields clearfix\">\n\t<div class=\"mtheme-form-field\">\n\t\t<p><i class=\"ion-ios-email\"><\/i><span class=\"wpcf7-form-control-wrap\" data-name=\"your-email\"><input size=\"40\" maxlength=\"400\" class=\"wpcf7-form-control wpcf7-email wpcf7-validates-as-required wpcf7-text wpcf7-validates-as-email\" aria-required=\"true\" aria-invalid=\"false\" placeholder=\"Your Email (required)\" value=\"\" type=\"email\" name=\"your-email\" \/><\/span>\n\t\t<\/p>\n\t<\/div>\n\t<div class=\"mtheme-form-field\">\n\t\t<p><i class=\"ion-ios-telephone\"><\/i><span class=\"wpcf7-form-control-wrap\" data-name=\"your-phone\"><input size=\"40\" maxlength=\"400\" class=\"wpcf7-form-control wpcf7-text\" aria-invalid=\"false\" placeholder=\"Phone No:\" value=\"\" type=\"text\" name=\"your-phone\" \/><\/span>\n\t\t<\/p>\n\t<\/div>\n<\/div>\n<div class=\"single-field\">\n\t<div class=\"mtheme-form-field\">\n\t\t<p><i class=\"ion-ios-compose\"><\/i><span class=\"wpcf7-form-control-wrap\" data-name=\"your-subject\"><input size=\"40\" maxlength=\"400\" class=\"wpcf7-form-control wpcf7-text\" aria-invalid=\"false\" placeholder=\"Subject\" value=\"\" type=\"text\" name=\"your-subject\" \/><\/span>\n\t\t<\/p>\n\t<\/div>\n<\/div>\n<div class=\"single-field\">\n\t<div class=\"mtheme-form-field\">\n\t\t<p><i class=\"ion-ios-compose\"><\/i><span class=\"wpcf7-form-control-wrap\" data-name=\"your-message\"><textarea cols=\"40\" rows=\"10\" maxlength=\"2000\" class=\"wpcf7-form-control wpcf7-textarea\" aria-invalid=\"false\" placeholder=\"Your Message\" name=\"your-message\"><\/textarea><\/span>\n\t\t<\/p>\n\t<\/div>\n<\/div>\n<p><input class=\"wpcf7-form-control wpcf7-submit has-spinner\" type=\"submit\" value=\"Send\" \/>\n<\/p><div class=\"wpcf7-response-output\" aria-hidden=\"true\"><\/div>\n<input type=\"hidden\" name=\"trp-form-language\" value=\"en\"\/><\/form>\n<\/div>\n\t\t<\/div>\n\t\t\t\t\t\t<\/div>\n\t\t\t\t<\/div>\n\t\t\t\t\t<\/div>\n\t\t<\/div>\n\t\t\t\t\t<\/div>\n\t\t<\/section>\n\t\t\t\t<section class=\"elementor-section elementor-top-section elementor-element elementor-element-209c2f7 elementor-section-full_width elementor-section-height-default elementor-section-height-default\" data-id=\"209c2f7\" data-element_type=\"section\">\n\t\t\t\t\t\t<div class=\"elementor-container elementor-column-gap-no\">\n\t\t\t\t\t<div class=\"elementor-column elementor-col-100 elementor-top-column elementor-element elementor-element-afd8f53\" data-id=\"afd8f53\" data-element_type=\"column\">\n\t\t\t<div class=\"elementor-widget-wrap elementor-element-populated\">\n\t\t\t\t\t\t<div class=\"elementor-element elementor-element-578f220 elementor-widget elementor-widget-google-map\" data-id=\"578f220\" data-element_type=\"widget\" data-widget_type=\"google-map.default\">\n\t\t\t\t<div class=\"elementor-widget-container\">\n\t\t\t\t\t\t\t<div id=\"mtheme-map -578f220\" class=\"mtheme-map\" \n\t\tdata-mtheme-map-style=\"[    {        &quot;featureType&quot;: &quot;all&quot;,        &quot;elementType&quot;: &quot;labels.text.fill&quot;,        &quot;stylers&quot;: [            {                &quot;saturation&quot;: 36            },            {                &quot;color&quot;: &quot;#000000&quot;            },            {                &quot;lightness&quot;: 40            }        ]    },    {        &quot;featureType&quot;: &quot;all&quot;,        &quot;elementType&quot;: &quot;labels.text.stroke&quot;,        &quot;stylers&quot;: [            {                &quot;visibility&quot;: &quot;on&quot;            },            {                &quot;color&quot;: &quot;#000000&quot;            },            {                &quot;lightness&quot;: 16            }        ]    },    {        &quot;featureType&quot;: &quot;all&quot;,        &quot;elementType&quot;: &quot;labels.icon&quot;,        &quot;stylers&quot;: [            {                &quot;visibility&quot;: &quot;off&quot;            }        ]    },    {        &quot;featureType&quot;: &quot;administrative&quot;,        &quot;elementType&quot;: &quot;geometry.fill&quot;,        &quot;stylers&quot;: [            {                &quot;color&quot;: &quot;#000000&quot;            },            {                &quot;lightness&quot;: 20            }        ]    },    {        &quot;featureType&quot;: &quot;administrative&quot;,        &quot;elementType&quot;: &quot;geometry.stroke&quot;,        &quot;stylers&quot;: [            {                &quot;color&quot;: &quot;#000000&quot;            },            {                &quot;lightness&quot;: 17            },            {                &quot;weight&quot;: 1.2            }        ]    },    {        &quot;featureType&quot;: &quot;landscape&quot;,        &quot;elementType&quot;: &quot;geometry&quot;,        &quot;stylers&quot;: [            {                &quot;color&quot;: &quot;#000000&quot;            },            {                &quot;lightness&quot;: 20            }        ]    },    {        &quot;featureType&quot;: &quot;poi&quot;,        &quot;elementType&quot;: &quot;geometry&quot;,        &quot;stylers&quot;: [            {                &quot;color&quot;: &quot;#000000&quot;            },            {                &quot;lightness&quot;: 21            }        ]    },    {        &quot;featureType&quot;: &quot;road.highway&quot;,        &quot;elementType&quot;: &quot;geometry.fill&quot;,        &quot;stylers&quot;: [            {                &quot;color&quot;: &quot;#000000&quot;            },            {                &quot;lightness&quot;: 17            }        ]    },    {        &quot;featureType&quot;: &quot;road.highway&quot;,        &quot;elementType&quot;: &quot;geometry.stroke&quot;,        &quot;stylers&quot;: [            {                &quot;color&quot;: &quot;#000000&quot;            },            {                &quot;lightness&quot;: 29            },            {                &quot;weight&quot;: 0.2            }        ]    },    {        &quot;featureType&quot;: &quot;road.arterial&quot;,        &quot;elementType&quot;: &quot;geometry&quot;,        &quot;stylers&quot;: [            {                &quot;color&quot;: &quot;#000000&quot;            },            {                &quot;lightness&quot;: 18            }        ]    },    {        &quot;featureType&quot;: &quot;road.local&quot;,        &quot;elementType&quot;: &quot;geometry&quot;,        &quot;stylers&quot;: [            {                &quot;color&quot;: &quot;#000000&quot;            },            {                &quot;lightness&quot;: 16            }        ]    },    {        &quot;featureType&quot;: &quot;transit&quot;,        &quot;elementType&quot;: &quot;geometry&quot;,        &quot;stylers&quot;: [            {                &quot;color&quot;: &quot;#000000&quot;            },            {                &quot;lightness&quot;: 19            }        ]    },    {        &quot;featureType&quot;: &quot;water&quot;,        &quot;elementType&quot;: &quot;geometry&quot;,        &quot;stylers&quot;: [            {                &quot;color&quot;: &quot;#000000&quot;            },            {                &quot;lightness&quot;: 17            }        ]    }]\" \n\t\tdata-mtheme-map-zoom-control=\"true\" data-mtheme-map-zoom-control-position=\"RIGHT_BOTTOM\" \n\t\tdata-mtheme-map-defaultui=\"true\" \n\t\tdata-mtheme-map-type=\"roadmap\" \n\t\tdata-mtheme-map-type-control=\"true\" data-mtheme-map-type-control-style=\"HORIZONTAL_BAR\" data-mtheme-map-type-control-position=\"TOP_LEFT\" \n\t\tdata-mtheme-map-streetview-control=\"true\"\n\t\tdata-mtheme-map-lat=\"48.8583701\" \n\t\tdata-mtheme-map-lng=\"2.2944813\" \n\t\tdata-mtheme-map-zoom=\"11\" \n\t\tdata-mtheme-map-infowindow-width=\"\">\n\t\t<\/div>\n\t\t\t\t\t<\/div>\n\t\t\t\t<\/div>\n\t\t\t\t\t<\/div>\n\t\t<\/div>\n\t\t\t\t\t<\/div>\n\t\t<\/section>\n\t\t\t\t<\/div>","protected":false},"excerpt":{"rendered":"<p>Kann ich helfen? Kontakt Neug\u00e4\u00dfchen 266111 Saarbr\u00fcckenDeutschland<\/p>","protected":false},"author":1,"featured_media":0,"parent":0,"menu_order":0,"comment_status":"closed","ping_status":"closed","template":"","meta":{"footnotes":""},"class_list":["post-681","page","type-page","status-publish","hentry"],"yoast_head":"<!-- This site is optimized with the Yoast SEO plugin v26.3 - https:\/\/yoast.com\/wordpress\/plugins\/seo\/ -->\n<title>Contact us - Guido Grohmann Photography<\/title>\n<meta name=\"robots\" content=\"index, follow, max-snippet:-1, max-image-preview:large, max-video-preview:-1\" \/>\n<link rel=\"canonical\" href=\"http:\/\/guidogrohmann.de\/en\/contact-us\/\" \/>\n<meta property=\"og:locale\" content=\"en_US\" \/>\n<meta property=\"og:type\" content=\"article\" \/>\n<meta property=\"og:title\" content=\"Contact us - Guido Grohmann Photography\" \/>\n<meta property=\"og:description\" content=\"Kann ich helfen? Kontakt Neug\u00e4\u00dfchen 266111 Saarbr\u00fcckenDeutschland\" \/>\n<meta property=\"og:url\" content=\"http:\/\/guidogrohmann.de\/en\/contact-us\/\" \/>\n<meta property=\"og:site_name\" content=\"Guido Grohmann Photography\" \/>\n<meta property=\"article:publisher\" content=\"facebook.com\/guido.grohmann\" \/>\n<meta property=\"article:modified_time\" content=\"2025-10-09T10:00:39+00:00\" \/>\n<meta name=\"twitter:card\" content=\"summary_large_image\" \/>\n<meta name=\"twitter:label1\" content=\"Est. reading time\" \/>\n\t<meta name=\"twitter:data1\" content=\"1 minute\" \/>\n<script type=\"application\/ld+json\" class=\"yoast-schema-graph\">{\"@context\":\"https:\/\/schema.org\",\"@graph\":[{\"@type\":\"WebPage\",\"@id\":\"http:\/\/guidogrohmann.de\/contact-us\/\",\"url\":\"http:\/\/guidogrohmann.de\/contact-us\/\",\"name\":\"Contact us - Guido Grohmann Photography\",\"isPartOf\":{\"@id\":\"https:\/\/guidogrohmann.de\/#website\"},\"datePublished\":\"2018-08-16T14:06:13+00:00\",\"dateModified\":\"2025-10-09T10:00:39+00:00\",\"breadcrumb\":{\"@id\":\"http:\/\/guidogrohmann.de\/contact-us\/#breadcrumb\"},\"inLanguage\":\"en-US\",\"potentialAction\":[{\"@type\":\"ReadAction\",\"target\":[\"http:\/\/guidogrohmann.de\/contact-us\/\"]}]},{\"@type\":\"BreadcrumbList\",\"@id\":\"http:\/\/guidogrohmann.de\/contact-us\/#breadcrumb\",\"itemListElement\":[{\"@type\":\"ListItem\",\"position\":1,\"name\":\"Startseite\",\"item\":\"https:\/\/guidogrohmann.de\/\"},{\"@type\":\"ListItem\",\"position\":2,\"name\":\"Contact us\"}]},{\"@type\":\"WebSite\",\"@id\":\"https:\/\/guidogrohmann.de\/#website\",\"url\":\"https:\/\/guidogrohmann.de\/\",\"name\":\"Guido Grohmann Photography\",\"description\":\"\",\"publisher\":{\"@id\":\"https:\/\/guidogrohmann.de\/#\/schema\/person\/fc6a193814ea2f3a6b7d0c9caf89b5ec\"},\"potentialAction\":[{\"@type\":\"SearchAction\",\"target\":{\"@type\":\"EntryPoint\",\"urlTemplate\":\"https:\/\/guidogrohmann.de\/?s={search_term_string}\"},\"query-input\":{\"@type\":\"PropertyValueSpecification\",\"valueRequired\":true,\"valueName\":\"search_term_string\"}}],\"inLanguage\":\"en-US\"},{\"@type\":[\"Person\",\"Organization\"],\"@id\":\"https:\/\/guidogrohmann.de\/#\/schema\/person\/fc6a193814ea2f3a6b7d0c9caf89b5ec\",\"name\":\"Guido Grohmann\",\"image\":{\"@type\":\"ImageObject\",\"inLanguage\":\"en-US\",\"@id\":\"https:\/\/guidogrohmann.de\/#\/schema\/person\/image\/\",\"url\":\"https:\/\/secure.gravatar.com\/avatar\/1f07fd88b8041a279426fb7b69561c2e56cfca3dcc19915a3bb33be6899f5b7c?s=96&d=mm&r=g\",\"contentUrl\":\"https:\/\/secure.gravatar.com\/avatar\/1f07fd88b8041a279426fb7b69561c2e56cfca3dcc19915a3bb33be6899f5b7c?s=96&d=mm&r=g\",\"caption\":\"Guido Grohmann\"},\"logo\":{\"@id\":\"https:\/\/guidogrohmann.de\/#\/schema\/person\/image\/\"},\"sameAs\":[\"http:\/\/guidogrohmann.de\",\"facebook.com\/guido.grohmann\",\"https:\/\/www.instagram.com\/guidogrohmann\/\",\"https:\/\/www.linkedin.com\/in\/guido-grohmann-aa203153\/\"]}]}<\/script>\n<!-- \/ Yoast SEO plugin. -->","yoast_head_json":{"title":"Contact us - Guido Grohmann Photography","robots":{"index":"index","follow":"follow","max-snippet":"max-snippet:-1","max-image-preview":"max-image-preview:large","max-video-preview":"max-video-preview:-1"},"canonical":"http:\/\/guidogrohmann.de\/en\/contact-us\/","og_locale":"en_US","og_type":"article","og_title":"Contact us - Guido Grohmann Photography","og_description":"Kann ich helfen? Kontakt Neug\u00e4\u00dfchen 266111 Saarbr\u00fcckenDeutschland","og_url":"http:\/\/guidogrohmann.de\/en\/contact-us\/","og_site_name":"Guido Grohmann Photography","article_publisher":"facebook.com\/guido.grohmann","article_modified_time":"2025-10-09T10:00:39+00:00","twitter_card":"summary_large_image","twitter_misc":{"Est. reading time":"1 minute"},"schema":{"@context":"https:\/\/schema.org","@graph":[{"@type":"WebPage","@id":"http:\/\/guidogrohmann.de\/contact-us\/","url":"http:\/\/guidogrohmann.de\/contact-us\/","name":"Contact us - Guido Grohmann Photography","isPartOf":{"@id":"https:\/\/guidogrohmann.de\/#website"},"datePublished":"2018-08-16T14:06:13+00:00","dateModified":"2025-10-09T10:00:39+00:00","breadcrumb":{"@id":"http:\/\/guidogrohmann.de\/contact-us\/#breadcrumb"},"inLanguage":"en-US","potentialAction":[{"@type":"ReadAction","target":["http:\/\/guidogrohmann.de\/contact-us\/"]}]},{"@type":"BreadcrumbList","@id":"http:\/\/guidogrohmann.de\/contact-us\/#breadcrumb","itemListElement":[{"@type":"ListItem","position":1,"name":"Startseite","item":"https:\/\/guidogrohmann.de\/"},{"@type":"ListItem","position":2,"name":"Contact us"}]},{"@type":"WebSite","@id":"https:\/\/guidogrohmann.de\/#website","url":"https:\/\/guidogrohmann.de\/","name":"Guido Grohmann Photography","description":"","publisher":{"@id":"https:\/\/guidogrohmann.de\/#\/schema\/person\/fc6a193814ea2f3a6b7d0c9caf89b5ec"},"potentialAction":[{"@type":"SearchAction","target":{"@type":"EntryPoint","urlTemplate":"https:\/\/guidogrohmann.de\/?s={search_term_string}"},"query-input":{"@type":"PropertyValueSpecification","valueRequired":true,"valueName":"search_term_string"}}],"inLanguage":"en-US"},{"@type":["Person","Organization"],"@id":"https:\/\/guidogrohmann.de\/#\/schema\/person\/fc6a193814ea2f3a6b7d0c9caf89b5ec","name":"Guido Grohmann","image":{"@type":"ImageObject","inLanguage":"en-US","@id":"https:\/\/guidogrohmann.de\/#\/schema\/person\/image\/","url":"https:\/\/secure.gravatar.com\/avatar\/1f07fd88b8041a279426fb7b69561c2e56cfca3dcc19915a3bb33be6899f5b7c?s=96&d=mm&r=g","contentUrl":"https:\/\/secure.gravatar.com\/avatar\/1f07fd88b8041a279426fb7b69561c2e56cfca3dcc19915a3bb33be6899f5b7c?s=96&d=mm&r=g","caption":"Guido Grohmann"},"logo":{"@id":"https:\/\/guidogrohmann.de\/#\/schema\/person\/image\/"},"sameAs":["http:\/\/guidogrohmann.de","facebook.com\/guido.grohmann","https:\/\/www.instagram.com\/guidogrohmann\/","https:\/\/www.linkedin.com\/in\/guido-grohmann-aa203153\/"]}]}},"_links":{"self":[{"href":"http:\/\/guidogrohmann.de\/en\/wp-json\/wp\/v2\/pages\/681","targetHints":{"allow":["GET"]}}],"collection":[{"href":"http:\/\/guidogrohmann.de\/en\/wp-json\/wp\/v2\/pages"}],"about":[{"href":"http:\/\/guidogrohmann.de\/en\/wp-json\/wp\/v2\/types\/page"}],"author":[{"embeddable":true,"href":"http:\/\/guidogrohmann.de\/en\/wp-json\/wp\/v2\/users\/1"}],"replies":[{"embeddable":true,"href":"http:\/\/guidogrohmann.de\/en\/wp-json\/wp\/v2\/comments?post=681"}],"version-history":[{"count":6,"href":"http:\/\/guidogrohmann.de\/en\/wp-json\/wp\/v2\/pages\/681\/revisions"}],"predecessor-version":[{"id":8655,"href":"http:\/\/guidogrohmann.de\/en\/wp-json\/wp\/v2\/pages\/681\/revisions\/8655"}],"wp:attachment":[{"href":"http:\/\/guidogrohmann.de\/en\/wp-json\/wp\/v2\/media?parent=681"}],"curies":[{"name":"wp","href":"https:\/\/api.w.org\/{rel}","templated":true}]}}